{"id":954,"date":"2025-04-04T09:40:52","date_gmt":"2025-04-04T07:40:52","guid":{"rendered":"https:\/\/atolelve.hu\/?page_id=954"},"modified":"2025-04-04T09:44:16","modified_gmt":"2025-04-04T07:44:16","slug":"impresszum","status":"publish","type":"page","link":"https:\/\/atolelve.hu\/?page_id=954","title":{"rendered":"Impresszum"},"content":{"rendered":"\t\t<div data-elementor-type=\"wp-page\" data-elementor-id=\"954\" class=\"elementor elementor-954\">\n\t\t\t\t<div class=\"elementor-element elementor-element-998eeb8 e-flex e-con-boxed e-con e-parent\" data-id=\"998eeb8\" data-element_type=\"container\" data-e-type=\"container\">\n\t\t\t\t\t<div class=\"e-con-inner\">\n\t\t\t\t<div class=\"elementor-element elementor-element-35427c1 elementor-widget elementor-widget-text-editor\" data-id=\"35427c1\" data-element_type=\"widget\" data-e-type=\"widget\" data-widget_type=\"text-editor.default\">\n\t\t\t\t<div class=\"elementor-widget-container\">\n\t\t\t\t\t\t\t\t\t<h1><strong>Impresszum<\/strong><\/h1><p class=\"p1\"><strong>Sz\u00e9khely c\u00edme:<\/strong>\u00a01029 Budapest, \u00d6rd\u00f6g\u00e1rok u. 236.<\/p><p class=\"p1\"><strong>E-mail c\u00edm:<\/strong><span class=\"Apple-converted-space\">\u00a0atolelve@gmail.com<\/span><\/p><h4 class=\"p1\"><strong>\u00c1t\u00f6lelve Alap\u00edtv\u00e1ny<\/strong><\/h4><p class=\"p1\"><strong>Ad\u00f3sz\u00e1m:<\/strong>\u00a019405678-1-41<\/p><p class=\"p1\"><strong>Nyilv\u00e1ntart\u00e1si sz\u00e1m:<\/strong>\u00a001-01-0013734<\/p><p class=\"p1\"><strong>Banksz\u00e1mlasz\u00e1m:<\/strong>\u00a010300002-13893705-00014906<\/p><p class=\"p1\"><strong>Sz\u00e9khely c\u00edme:<\/strong>\u00a01029 Budapest, \u00d6rd\u00f6g\u00e1rok utca 236.<\/p>\t\t\t\t\t\t\t\t<\/div>\n\t\t\t\t<\/div>\n\t\t\t\t\t<\/div>\n\t\t\t\t<\/div>\n\t\t\t\t<\/div>\n\t\t","protected":false},"excerpt":{"rendered":"<p>Impresszum Sz\u00e9khely c\u00edme:\u00a01029 Budapest, \u00d6rd\u00f6g\u00e1rok u. 236. E-mail c\u00edm:\u00a0atolelve@gmail.com \u00c1t\u00f6lelve Alap\u00edtv\u00e1ny Ad\u00f3sz\u00e1m:\u00a019405678-1-41 Nyilv\u00e1ntart\u00e1si sz\u00e1m:\u00a001-01-0013734 Banksz\u00e1mlasz\u00e1m:\u00a010300002-13893705-00014906 Sz\u00e9khely c\u00edme:\u00a01029 Budapest, \u00d6rd\u00f6g\u00e1rok utca 236.<\/p>\n","protected":false},"author":1,"featured_media":0,"parent":0,"menu_order":0,"comment_status":"closed","ping_status":"closed","template":"","meta":{"footnotes":""},"class_list":["post-954","page","type-page","status-publish","hentry"],"yoast_head":"<!-- This site is optimized with the Yoast SEO plugin v27.4 - https:\/\/yoast.com\/product\/yoast-seo-wordpress\/ -->\n<title>Impresszum - atolelve.hu<\/title>\n<meta name=\"robots\" content=\"index, follow, max-snippet:-1, max-image-preview:large, max-video-preview:-1\" \/>\n<link rel=\"canonical\" href=\"https:\/\/atolelve.hu\/?page_id=954\" \/>\n<meta property=\"og:locale\" content=\"hu_HU\" \/>\n<meta property=\"og:type\" content=\"article\" \/>\n<meta property=\"og:title\" content=\"Impresszum - atolelve.hu\" \/>\n<meta property=\"og:description\" content=\"Impresszum Sz\u00e9khely c\u00edme:\u00a01029 Budapest, \u00d6rd\u00f6g\u00e1rok u. 236. E-mail c\u00edm:\u00a0atolelve@gmail.com \u00c1t\u00f6lelve Alap\u00edtv\u00e1ny Ad\u00f3sz\u00e1m:\u00a019405678-1-41 Nyilv\u00e1ntart\u00e1si sz\u00e1m:\u00a001-01-0013734 Banksz\u00e1mlasz\u00e1m:\u00a010300002-13893705-00014906 Sz\u00e9khely c\u00edme:\u00a01029 Budapest, \u00d6rd\u00f6g\u00e1rok utca 236.\" \/>\n<meta property=\"og:url\" content=\"https:\/\/atolelve.hu\/?page_id=954\" \/>\n<meta property=\"og:site_name\" content=\"atolelve.hu\" \/>\n<meta property=\"article:modified_time\" content=\"2025-04-04T07:44:16+00:00\" \/>\n<meta name=\"twitter:card\" content=\"summary_large_image\" \/>\n<meta name=\"twitter:label1\" content=\"Becs\u00fclt olvas\u00e1si id\u0151\" \/>\n\t<meta name=\"twitter:data1\" content=\"1 perc\" \/>\n<script type=\"application\/ld+json\" class=\"yoast-schema-graph\">{\"@context\":\"https:\\\/\\\/schema.org\",\"@graph\":[{\"@type\":\"WebPage\",\"@id\":\"https:\\\/\\\/atolelve.hu\\\/?page_id=954\",\"url\":\"https:\\\/\\\/atolelve.hu\\\/?page_id=954\",\"name\":\"Impresszum - atolelve.hu\",\"isPartOf\":{\"@id\":\"https:\\\/\\\/atolelve.hu\\\/#website\"},\"datePublished\":\"2025-04-04T07:40:52+00:00\",\"dateModified\":\"2025-04-04T07:44:16+00:00\",\"breadcrumb\":{\"@id\":\"https:\\\/\\\/atolelve.hu\\\/?page_id=954#breadcrumb\"},\"inLanguage\":\"hu\",\"potentialAction\":[{\"@type\":\"ReadAction\",\"target\":[\"https:\\\/\\\/atolelve.hu\\\/?page_id=954\"]}]},{\"@type\":\"BreadcrumbList\",\"@id\":\"https:\\\/\\\/atolelve.hu\\\/?page_id=954#breadcrumb\",\"itemListElement\":[{\"@type\":\"ListItem\",\"position\":1,\"name\":\"Kezd\u0151lap\",\"item\":\"https:\\\/\\\/atolelve.hu\\\/\"},{\"@type\":\"ListItem\",\"position\":2,\"name\":\"Impresszum\"}]},{\"@type\":\"WebSite\",\"@id\":\"https:\\\/\\\/atolelve.hu\\\/#website\",\"url\":\"https:\\\/\\\/atolelve.hu\\\/\",\"name\":\"atolelve.hu\",\"description\":\"\",\"publisher\":{\"@id\":\"https:\\\/\\\/atolelve.hu\\\/#organization\"},\"potentialAction\":[{\"@type\":\"SearchAction\",\"target\":{\"@type\":\"EntryPoint\",\"urlTemplate\":\"https:\\\/\\\/atolelve.hu\\\/?s={search_term_string}\"},\"query-input\":{\"@type\":\"PropertyValueSpecification\",\"valueRequired\":true,\"valueName\":\"search_term_string\"}}],\"inLanguage\":\"hu\"},{\"@type\":\"Organization\",\"@id\":\"https:\\\/\\\/atolelve.hu\\\/#organization\",\"name\":\"\u00c1t\u00f6lelve Alap\u00edtv\u00e1ny\",\"url\":\"https:\\\/\\\/atolelve.hu\\\/\",\"logo\":{\"@type\":\"ImageObject\",\"inLanguage\":\"hu\",\"@id\":\"https:\\\/\\\/atolelve.hu\\\/#\\\/schema\\\/logo\\\/image\\\/\",\"url\":\"https:\\\/\\\/atolelve.hu\\\/wp-content\\\/uploads\\\/2025\\\/01\\\/LOGO.png\",\"contentUrl\":\"https:\\\/\\\/atolelve.hu\\\/wp-content\\\/uploads\\\/2025\\\/01\\\/LOGO.png\",\"width\":924,\"height\":364,\"caption\":\"\u00c1t\u00f6lelve Alap\u00edtv\u00e1ny\"},\"image\":{\"@id\":\"https:\\\/\\\/atolelve.hu\\\/#\\\/schema\\\/logo\\\/image\\\/\"}}]}<\/script>\n<!-- \/ Yoast SEO plugin. -->","yoast_head_json":{"title":"Impresszum - atolelve.hu","robots":{"index":"index","follow":"follow","max-snippet":"max-snippet:-1","max-image-preview":"max-image-preview:large","max-video-preview":"max-video-preview:-1"},"canonical":"https:\/\/atolelve.hu\/?page_id=954","og_locale":"hu_HU","og_type":"article","og_title":"Impresszum - atolelve.hu","og_description":"Impresszum Sz\u00e9khely c\u00edme:\u00a01029 Budapest, \u00d6rd\u00f6g\u00e1rok u. 236. E-mail c\u00edm:\u00a0atolelve@gmail.com \u00c1t\u00f6lelve Alap\u00edtv\u00e1ny Ad\u00f3sz\u00e1m:\u00a019405678-1-41 Nyilv\u00e1ntart\u00e1si sz\u00e1m:\u00a001-01-0013734 Banksz\u00e1mlasz\u00e1m:\u00a010300002-13893705-00014906 Sz\u00e9khely c\u00edme:\u00a01029 Budapest, \u00d6rd\u00f6g\u00e1rok utca 236.","og_url":"https:\/\/atolelve.hu\/?page_id=954","og_site_name":"atolelve.hu","article_modified_time":"2025-04-04T07:44:16+00:00","twitter_card":"summary_large_image","twitter_misc":{"Becs\u00fclt olvas\u00e1si id\u0151":"1 perc"},"schema":{"@context":"https:\/\/schema.org","@graph":[{"@type":"WebPage","@id":"https:\/\/atolelve.hu\/?page_id=954","url":"https:\/\/atolelve.hu\/?page_id=954","name":"Impresszum - atolelve.hu","isPartOf":{"@id":"https:\/\/atolelve.hu\/#website"},"datePublished":"2025-04-04T07:40:52+00:00","dateModified":"2025-04-04T07:44:16+00:00","breadcrumb":{"@id":"https:\/\/atolelve.hu\/?page_id=954#breadcrumb"},"inLanguage":"hu","potentialAction":[{"@type":"ReadAction","target":["https:\/\/atolelve.hu\/?page_id=954"]}]},{"@type":"BreadcrumbList","@id":"https:\/\/atolelve.hu\/?page_id=954#breadcrumb","itemListElement":[{"@type":"ListItem","position":1,"name":"Kezd\u0151lap","item":"https:\/\/atolelve.hu\/"},{"@type":"ListItem","position":2,"name":"Impresszum"}]},{"@type":"WebSite","@id":"https:\/\/atolelve.hu\/#website","url":"https:\/\/atolelve.hu\/","name":"atolelve.hu","description":"","publisher":{"@id":"https:\/\/atolelve.hu\/#organization"},"potentialAction":[{"@type":"SearchAction","target":{"@type":"EntryPoint","urlTemplate":"https:\/\/atolelve.hu\/?s={search_term_string}"},"query-input":{"@type":"PropertyValueSpecification","valueRequired":true,"valueName":"search_term_string"}}],"inLanguage":"hu"},{"@type":"Organization","@id":"https:\/\/atolelve.hu\/#organization","name":"\u00c1t\u00f6lelve Alap\u00edtv\u00e1ny","url":"https:\/\/atolelve.hu\/","logo":{"@type":"ImageObject","inLanguage":"hu","@id":"https:\/\/atolelve.hu\/#\/schema\/logo\/image\/","url":"https:\/\/atolelve.hu\/wp-content\/uploads\/2025\/01\/LOGO.png","contentUrl":"https:\/\/atolelve.hu\/wp-content\/uploads\/2025\/01\/LOGO.png","width":924,"height":364,"caption":"\u00c1t\u00f6lelve Alap\u00edtv\u00e1ny"},"image":{"@id":"https:\/\/atolelve.hu\/#\/schema\/logo\/image\/"}}]}},"_links":{"self":[{"href":"https:\/\/atolelve.hu\/index.php?rest_route=\/wp\/v2\/pages\/954","targetHints":{"allow":["GET"]}}],"collection":[{"href":"https:\/\/atolelve.hu\/index.php?rest_route=\/wp\/v2\/pages"}],"about":[{"href":"https:\/\/atolelve.hu\/index.php?rest_route=\/wp\/v2\/types\/page"}],"author":[{"embeddable":true,"href":"https:\/\/atolelve.hu\/index.php?rest_route=\/wp\/v2\/users\/1"}],"replies":[{"embeddable":true,"href":"https:\/\/atolelve.hu\/index.php?rest_route=%2Fwp%2Fv2%2Fcomments&post=954"}],"version-history":[{"count":7,"href":"https:\/\/atolelve.hu\/index.php?rest_route=\/wp\/v2\/pages\/954\/revisions"}],"predecessor-version":[{"id":961,"href":"https:\/\/atolelve.hu\/index.php?rest_route=\/wp\/v2\/pages\/954\/revisions\/961"}],"wp:attachment":[{"href":"https:\/\/atolelve.hu\/index.php?rest_route=%2Fwp%2Fv2%2Fmedia&parent=954"}],"curies":[{"name":"wp","href":"https:\/\/api.w.org\/{rel}","templated":true}]}}